{"id":39591,"date":"2020-05-29T13:01:00","date_gmt":"2020-05-29T17:01:00","guid":{"rendered":"http:\/\/cloturedepiscinesecureplus_com\/en\/?page_id=36949"},"modified":"2025-09-22T14:56:23","modified_gmt":"2025-09-22T18:56:23","slug":"installation","status":"publish","type":"page","link":"https:\/\/cloturedepiscinesecureplus.com\/en\/installation\/","title":{"rendered":"Installation"},"content":{"rendered":"<h1>The specialist in pool fence installation since&nbsp;1986<\/h1>\n<p>The S\u00c9CURE+<sup>TM<\/sup> team of removable fences have been installing swimming pool fences for many years. Today, it is dedicated to the installation of the S\u00c9CURE + TM product. Our installation services are offered in the South Shore of Montreal, Laval, Lanaudi\u00e8re, the Eastern Townships, Mont\u00e9r\u00e9gie and Centre-du-Qu\u00e9bec.<\/p>\n\n\n<p><\/p>\n","protected":false},"excerpt":{"rendered":"<p>The specialist in pool fence installation since&nbsp;1986 The S\u00c9CURE+TM team of removable fences have been installing swimming pool fences for many years. Today, it is dedicated to the installation of the S\u00c9CURE + TM product. Our installation services are offered in the South Shore of Montreal, Laval, Lanaudi\u00e8re, the Eastern Townships, Mont\u00e9r\u00e9gie and Centre-du-Qu\u00e9bec.<\/p>\n","protected":false},"author":1,"featured_media":39738,"parent":0,"menu_order":0,"comment_status":"closed","ping_status":"closed","template":"","meta":{"_acf_changed":false,"footnotes":""},"class_list":["post-39591","page","type-page","status-publish","hentry"],"acf":[],"_links":{"self":[{"href":"https:\/\/cloturedepiscinesecureplus.com\/en\/wp-json\/wp\/v2\/pages\/39591","targetHints":{"allow":["GET"]}}],"collection":[{"href":"https:\/\/cloturedepiscinesecureplus.com\/en\/wp-json\/wp\/v2\/pages"}],"about":[{"href":"https:\/\/cloturedepiscinesecureplus.com\/en\/wp-json\/wp\/v2\/types\/page"}],"author":[{"embeddable":true,"href":"https:\/\/cloturedepiscinesecureplus.com\/en\/wp-json\/wp\/v2\/users\/1"}],"replies":[{"embeddable":true,"href":"https:\/\/cloturedepiscinesecureplus.com\/en\/wp-json\/wp\/v2\/comments?post=39591"}],"version-history":[{"count":1,"href":"https:\/\/cloturedepiscinesecureplus.com\/en\/wp-json\/wp\/v2\/pages\/39591\/revisions"}],"predecessor-version":[{"id":39607,"href":"https:\/\/cloturedepiscinesecureplus.com\/en\/wp-json\/wp\/v2\/pages\/39591\/revisions\/39607"}],"wp:featuredmedia":[{"embeddable":true,"href":"https:\/\/cloturedepiscinesecureplus.com\/en\/wp-json\/wp\/v2\/media\/39738"}],"wp:attachment":[{"href":"https:\/\/cloturedepiscinesecureplus.com\/en\/wp-json\/wp\/v2\/media?parent=39591"}],"curies":[{"name":"wp","href":"https:\/\/api.w.org\/{rel}","templated":true}]}}